{"id":30,"date":"2025-05-26T10:03:56","date_gmt":"2025-05-26T08:03:56","guid":{"rendered":"https:\/\/bedrive.ch\/web\/?page_id=30"},"modified":"2025-07-19T20:43:27","modified_gmt":"2025-07-19T18:43:27","slug":"agb","status":"publish","type":"page","link":"https:\/\/bedrive.ch\/web\/agb\/","title":{"rendered":"AGB"},"content":{"rendered":"\r\n<h2 class=\"wp-block-heading\">Allgemeine Gesch\u00e4ftsbedingungen iMATRIX GmbH<\/h2>\r\n<p>Diese Allgemeinen Gesch\u00e4ftsbedingungen (&#8222;AGB&#8220;) regeln das Vertragsverh\u00e4ltnis zwischen der iMATRIX GmbH (&#8222;bedrive.ch&#8220;) und ihren Kundinnen und Kunden (nachfolgend als &#8222;Kunde&#8220; bezeichnet). Der Kunde erkennt bedingungslos die nachstehenden Bestimmungen an, indem er das Registrierungsformular ausf\u00fcllt und ein Benutzerkonto (&#8222;bedrive.ch-Konto&#8220;) auf der Website des bedrive.ch erstellt oder eine Anfrage \u00fcber das Kontaktformular sendet. bedrive.ch beh\u00e4lt sich das Recht vor, die AGB nachtr\u00e4glich zu \u00e4ndern oder zu erg\u00e4nzen. Diese \u00c4nderungen werden nur Vertragsbestandteil, wenn der Kunde nicht innerhalb von 14 Tagen nach Kenntnisnahme widerspricht. Die jeweils aktuelle Fassung der AGB wird auf der Website von bedrive.ch ver\u00f6ffentlicht.<\/p>\r\n<h3>1. Geltungsbereich<\/h3>\r\n<p>Die vorliegenden Allgemeinen Gesch\u00e4ftsbedingungen (&#8222;AGB&#8220;) regeln das Vertragsverh\u00e4ltnis zwischen der iMATRIX GmbH (&#8222;iMATRIX GmbH&#8220;) und den Benutzern der Plattform, die von iMATRIX GmbH unter der URL bedrive.ch betrieben wird (&#8222;Plattform&#8220;). Wir bieten Ihnen die Nutzung der Plattform unter der Voraussetzung an, dass Sie sich den nachfolgenden allgemeinen Vertragsbedingungen ohne \u00c4nderung unterwerfen. Durch die Benutzung der Website erkl\u00e4ren Sie Ihr Einverst\u00e4ndnis mit diesen Bedingungen.<\/p>\r\n<p>F\u00fcr die Nutzung der Plattform und die Gesch\u00e4ftsbeziehungen zwischen iMATRIX GmbH und den Benutzern gelten ausschliesslich die AGB in ihrer aktuell abrufbaren und g\u00fcltigen Fassung zum Zeitpunkt des Aufrufs der Plattform. Wir legen grossen Wert darauf, dass unsere Gesch\u00e4ftsbeziehungen auf Basis transparenter und fairer Bedingungen stattfinden. Daher bitten wir Sie, die folgenden Informationen aufmerksam zu lesen.<\/p>\r\n<p>Die AGB gelten uneingeschr\u00e4nkt. Bedingungen, die diesen AGB widersprechen, sie erg\u00e4nzen oder davon abweichen, sind nur mit unserer ausdr\u00fccklichen schriftlichen Best\u00e4tigung durch iMATRIX GmbH wirksam. Wir behalten uns vor, \u00c4nderungen an den AGB vorzunehmen und werden Sie \u00fcber solche \u00c4nderungen rechtzeitig informieren. Es liegt in Ihrer Verantwortung sicherzustellen, dass Sie die aktuellsten AGB zur Kenntnis nehmen und akzeptieren.<\/p>\r\n<h3>2. Nutzungsbedingungen<\/h3>\r\n<p>Das Unternehmen iMATRIX GmbH bietet auf seiner Plattform eine breite Palette von Dienstleistungen an, welche neben den allgemeinen Gesch\u00e4ftsbedingungen auch spezielle Nutzungsbedingungen umfassen k\u00f6nnen. Diese speziellen Nutzungsbedingungen werden detailliert auf der entsprechenden Seite, auf der die jeweilige Dienstleistung angeboten wird, aufgef\u00fchrt. Sollte es zu einer Unvereinbarkeit zwischen den speziellen Nutzungsbedingungen und den allgemeinen Gesch\u00e4ftsbedingungen kommen, haben die speziellen Nutzungsbedingungen Priorit\u00e4t.<\/p>\r\n<h3>3. Verf\u00fcgbarkeit der Plattform<\/h3>\r\n<p>iMATRIX GmbH erkennt an, dass es technisch nicht m\u00f6glich ist, eine uneingeschr\u00e4nkte Verf\u00fcgbarkeit der Plattform von 100% zu gew\u00e4hrleisten. Dennoch setzt das Unternehmen alles daran, die Plattform kontinuierlich zug\u00e4nglich zu halten. Es ist zu beachten, dass bestimmte Faktoren wie Wartungsarbeiten, Sicherheitsmassnahmen, Kapazit\u00e4tsbeschr\u00e4nkungen und externe Ereignisse, die ausserhalb der Kontrolle von iMATRIX GmbH liegen (z. B. St\u00f6rungen in \u00f6ffentlichen Kommunikationsnetzen oder Stromausf\u00e4lle), zu St\u00f6rungen oder vor\u00fcbergehender Nichtverf\u00fcgbarkeit der Plattform f\u00fchren k\u00f6nnen.<\/p>\r\n<h3>4. Links zu Websites von Dritten<\/h3>\r\n<p>Die Plattform von iMATRIX GmbH kann Links zu externen Websites enthalten, die von Dritten betrieben und gepflegt werden. Obwohl iMATRIX GmbH die Inhalte der verlinkten Seiten \u00fcberpr\u00fcft, kann das Unternehmen nicht f\u00fcr den gesamten Inhalt dieser externen Websites verantwortlich gemacht werden.<\/p>\r\n<h3>5. Haftung<\/h3>\r\n<p>Es wird keine Haftung von iMATRIX GmbH und ihren Mitarbeitern und Erf\u00fcllungsgehilfen f\u00fcr Schadenersatzanspr\u00fcche, unabh\u00e4ngig von ihrem Rechtsgrund, \u00fcbernommen. iMATRIX GmbH ist insbesondere nicht verantwortlich f\u00fcr indirekte Sch\u00e4den, Folgesch\u00e4den, entgangenen Gewinn oder andere Sch\u00e4den an Personen, Sachen oder reinen Verm\u00f6genswerten des Kunden. Es sei jedoch darauf hingewiesen, dass eine gesetzliche Haftung f\u00fcr grobe Fahrl\u00e4ssigkeit oder rechtswidrige Absicht besteht.<\/p>\r\n<h3>6. Geistiges Eigentum<\/h3>\r\n<p>Entweder iMATRIX GmbH selbst besitzt s\u00e4mtliche Rechte an der Plattform und ihren Inhalten oder diese wurden von Dritten an iMATRIX GmbH lizenziert. Alle damit verbundenen Immater ihre Inhalten wie Urheberrechte, Markenrechte und andere geistige Eigentumsrechte geh\u00f6ren ausschliesslich iMATRIX GmbH oder den Lizenzgebern von iMATRIX GmbH. Die Benutzer d\u00fcrfen diese Inhalte nur im Rahmen der Nutzung der Plattform verwenden und ohne vorherige schriftliche Genehmigung von iMATRIX GmbH nicht herunterladen, kopieren, vervielf\u00e4ltigen, verbreiten, \u00fcbertragen, vorf\u00fchren, verkaufen, lizenzieren oder anderweitig nutzen.<\/p>\r\n<h3>7. Wettbewerbe<\/h3>\r\n<p>\u00dcber die Plattform bietet iMATRIX GmbH den Benutzern die M\u00f6glichkeit, an Wettbewerben teilzunehmen. Die Gewinner dieser Wettbewerbe werden von iMATRIX GmbH \u00fcber die angegebenen Kontaktdaten (normalerweise per E-Mail) informiert.<\/p>\r\n<p>Um einen fairen Wettbewerb sicherzustellen, beh\u00e4lt sich die Firma iMATRIX GmbH bei Online-Wettbewerben wie Bewertungen, Duellen, Quiz-Spielen und \u00e4hnlichen Aktivit\u00e4ten das Recht vor, Teilnehmer zu disqualifizieren, Punktest\u00e4nde anzupassen oder den Wettbewerb vorzeitig zu beenden, falls Anzeichen f\u00fcr Manipulationen vorliegen.<\/p>\r\n<p>Durch die Registrierung f\u00fcr den Wettbewerb willigt der Benutzer ein, dass iMATRIX GmbH berechtigt ist, ihm regelm\u00e4ssig einen Newsletter an die angegebene E-Mail-Adresse zu senden. Der Newsletter kann jederzeit abbestellt werden.<\/p>\r\n<h3>8. Datenschutz<\/h3>\r\n<p>iMATRIX GmbH sichert zu, dass alle von iMATRIX GmbH im Rahmen der Plattformnutzung erhobenen Daten in \u00dcbereinstimmung mit dem Bundesgesetz gegen unlauteren Wettbewerb und dem Bundesgesetz \u00fcber den Datenschutz behandelt werden. Zus\u00e4tzlich zu den AGBs gilt die Datenschutzerkl\u00e4rung von iMATRIX GmbH bez\u00fcglich der Erhebung und Verwendung personenbezogener Daten.<\/p>\r\n<h3>9. iMATRIX GmbH beh\u00e4lt sich das Recht vor, die AGB und das Angebot von iMATRIX GmbH zu \u00e4ndern.<\/h3>\r\n<p>iMATRIX GmbH beh\u00e4lt sich das Recht vor, jederzeit und nach eigenem Ermessen \u00c4nderungen an diesen AGB sowie am Angebot vorzunehmen.<\/p>\r\n<h3>10.Schlussbestimmungen<\/h3>\r\n<p>Falls eine Bestimmung dieser AGB unwirksam sein sollte, bleiben die \u00fcbrigen Bestimmungen von dieser Unwirksamkeit unber\u00fchrt. Die unwirksame Bestimmung wird durch eine rechtlich wirksame Bestimmung ersetzt, die dem urspr\u00fcnglichen Sinn und Zweck am n\u00e4chsten kommt. Gleiches gilt f\u00fcr eventuelle Regelungsl\u00fccken.<\/p>\r\n<p>Bei Streitigkeiten findet ausschliesslich das materielle Schweizer Recht Anwendung, unter Ausschluss von kollisionsrechtlichen Normen. Das \u00dcbereinkommen der Vereinten Nationen \u00fcber Vertr\u00e4ge \u00fcber den internationalen Warenkauf (CISG, Wiener Kaufrecht) ist explizit ausgeschlossen.<\/p>\r\n<p>F\u00fcr rechtliche Auseinandersetzungen wird als ausschliesslicher Gerichtsstand der Sitz von iMATRIX GmbH vereinbart, sofern die Gesetze keine anderen zwingenden Gerichtsst\u00e4nde vorsehen.<\/p>\r\n<p>Letzte Update: 31. August 2023<\/p>","protected":false},"excerpt":{"rendered":"<p>Allgemeine Gesch\u00e4ftsbedingungen iMATRIX GmbH Diese Allgemeinen Gesch\u00e4ftsbedingungen (&#8222;AGB&#8220;) regeln das Vertragsverh\u00e4ltnis zwischen der iMATRIX GmbH (&#8222;bedrive.ch&#8220;) und ihren Kundinnen und Kunden (nachfolgend als &#8222;Kunde&#8220; bezeichnet). Der Kunde erkennt bedingungslos die&#8230;<\/p>\n","protected":false},"author":1,"featured_media":0,"parent":0,"menu_order":100,"comment_status":"closed","ping_status":"closed","template":"","meta":{"inline_featured_image":false,"footnotes":""},"class_list":["post-30","page","type-page","status-publish"],"yoast_head":"<!-- This site is optimized with the Yoast SEO plugin v27.4 - https:\/\/yoast.com\/product\/yoast-seo-wordpress\/ -->\n<title>AGB - BeDrive<\/title>\n<meta name=\"robots\" content=\"index, follow, max-snippet:-1, max-image-preview:large, max-video-preview:-1\" \/>\n<link rel=\"canonical\" href=\"https:\/\/bedrive.ch\/web\/agb\/\" \/>\n<meta property=\"og:locale\" content=\"de_DE\" \/>\n<meta property=\"og:type\" content=\"article\" \/>\n<meta property=\"og:title\" content=\"AGB - BeDrive\" \/>\n<meta property=\"og:description\" content=\"Allgemeine Gesch\u00e4ftsbedingungen iMATRIX GmbH Diese Allgemeinen Gesch\u00e4ftsbedingungen (&#8222;AGB&#8220;) regeln das Vertragsverh\u00e4ltnis zwischen der iMATRIX GmbH (&#8222;bedrive.ch&#8220;) und ihren Kundinnen und Kunden (nachfolgend als &#8222;Kunde&#8220; bezeichnet). Der Kunde erkennt bedingungslos die...\" \/>\n<meta property=\"og:url\" content=\"https:\/\/bedrive.ch\/web\/agb\/\" \/>\n<meta property=\"og:site_name\" content=\"BeDrive\" \/>\n<meta property=\"article:modified_time\" content=\"2025-07-19T18:43:27+00:00\" \/>\n<meta name=\"twitter:card\" content=\"summary_large_image\" \/>\n<meta name=\"twitter:label1\" content=\"Gesch\u00e4tzte Lesezeit\" \/>\n\t<meta name=\"twitter:data1\" content=\"5\u00a0Minuten\" \/>\n<script type=\"application\/ld+json\" class=\"yoast-schema-graph\">{\"@context\":\"https:\\\/\\\/schema.org\",\"@graph\":[{\"@type\":\"WebPage\",\"@id\":\"https:\\\/\\\/bedrive.ch\\\/web\\\/agb\\\/\",\"url\":\"https:\\\/\\\/bedrive.ch\\\/web\\\/agb\\\/\",\"name\":\"AGB - BeDrive\",\"isPartOf\":{\"@id\":\"https:\\\/\\\/bedrive.ch\\\/web\\\/#website\"},\"datePublished\":\"2025-05-26T08:03:56+00:00\",\"dateModified\":\"2025-07-19T18:43:27+00:00\",\"breadcrumb\":{\"@id\":\"https:\\\/\\\/bedrive.ch\\\/web\\\/agb\\\/#breadcrumb\"},\"inLanguage\":\"de\",\"potentialAction\":[{\"@type\":\"ReadAction\",\"target\":[\"https:\\\/\\\/bedrive.ch\\\/web\\\/agb\\\/\"]}]},{\"@type\":\"BreadcrumbList\",\"@id\":\"https:\\\/\\\/bedrive.ch\\\/web\\\/agb\\\/#breadcrumb\",\"itemListElement\":[{\"@type\":\"ListItem\",\"position\":1,\"name\":\"Home\",\"item\":\"https:\\\/\\\/bedrive.ch\\\/web\\\/\"},{\"@type\":\"ListItem\",\"position\":2,\"name\":\"AGB\"}]},{\"@type\":\"WebSite\",\"@id\":\"https:\\\/\\\/bedrive.ch\\\/web\\\/#website\",\"url\":\"https:\\\/\\\/bedrive.ch\\\/web\\\/\",\"name\":\"BeDrive\",\"description\":\"www.bedrive.ch\",\"publisher\":{\"@id\":\"https:\\\/\\\/bedrive.ch\\\/web\\\/#organization\"},\"potentialAction\":[{\"@type\":\"SearchAction\",\"target\":{\"@type\":\"EntryPoint\",\"urlTemplate\":\"https:\\\/\\\/bedrive.ch\\\/web\\\/?s={search_term_string}\"},\"query-input\":{\"@type\":\"PropertyValueSpecification\",\"valueRequired\":true,\"valueName\":\"search_term_string\"}}],\"inLanguage\":\"de\"},{\"@type\":\"Organization\",\"@id\":\"https:\\\/\\\/bedrive.ch\\\/web\\\/#organization\",\"name\":\"BeDrive\",\"url\":\"https:\\\/\\\/bedrive.ch\\\/web\\\/\",\"logo\":{\"@type\":\"ImageObject\",\"inLanguage\":\"de\",\"@id\":\"https:\\\/\\\/bedrive.ch\\\/web\\\/#\\\/schema\\\/logo\\\/image\\\/\",\"url\":\"https:\\\/\\\/bedrive.ch\\\/web\\\/wp-content\\\/uploads\\\/2025\\\/07\\\/logo-f.png\",\"contentUrl\":\"https:\\\/\\\/bedrive.ch\\\/web\\\/wp-content\\\/uploads\\\/2025\\\/07\\\/logo-f.png\",\"width\":600,\"height\":159,\"caption\":\"BeDrive\"},\"image\":{\"@id\":\"https:\\\/\\\/bedrive.ch\\\/web\\\/#\\\/schema\\\/logo\\\/image\\\/\"}}]}<\/script>\n<!-- \/ Yoast SEO plugin. -->","yoast_head_json":{"title":"AGB - BeDrive","robots":{"index":"index","follow":"follow","max-snippet":"max-snippet:-1","max-image-preview":"max-image-preview:large","max-video-preview":"max-video-preview:-1"},"canonical":"https:\/\/bedrive.ch\/web\/agb\/","og_locale":"de_DE","og_type":"article","og_title":"AGB - BeDrive","og_description":"Allgemeine Gesch\u00e4ftsbedingungen iMATRIX GmbH Diese Allgemeinen Gesch\u00e4ftsbedingungen (&#8222;AGB&#8220;) regeln das Vertragsverh\u00e4ltnis zwischen der iMATRIX GmbH (&#8222;bedrive.ch&#8220;) und ihren Kundinnen und Kunden (nachfolgend als &#8222;Kunde&#8220; bezeichnet). Der Kunde erkennt bedingungslos die...","og_url":"https:\/\/bedrive.ch\/web\/agb\/","og_site_name":"BeDrive","article_modified_time":"2025-07-19T18:43:27+00:00","twitter_card":"summary_large_image","twitter_misc":{"Gesch\u00e4tzte Lesezeit":"5\u00a0Minuten"},"schema":{"@context":"https:\/\/schema.org","@graph":[{"@type":"WebPage","@id":"https:\/\/bedrive.ch\/web\/agb\/","url":"https:\/\/bedrive.ch\/web\/agb\/","name":"AGB - BeDrive","isPartOf":{"@id":"https:\/\/bedrive.ch\/web\/#website"},"datePublished":"2025-05-26T08:03:56+00:00","dateModified":"2025-07-19T18:43:27+00:00","breadcrumb":{"@id":"https:\/\/bedrive.ch\/web\/agb\/#breadcrumb"},"inLanguage":"de","potentialAction":[{"@type":"ReadAction","target":["https:\/\/bedrive.ch\/web\/agb\/"]}]},{"@type":"BreadcrumbList","@id":"https:\/\/bedrive.ch\/web\/agb\/#breadcrumb","itemListElement":[{"@type":"ListItem","position":1,"name":"Home","item":"https:\/\/bedrive.ch\/web\/"},{"@type":"ListItem","position":2,"name":"AGB"}]},{"@type":"WebSite","@id":"https:\/\/bedrive.ch\/web\/#website","url":"https:\/\/bedrive.ch\/web\/","name":"BeDrive","description":"www.bedrive.ch","publisher":{"@id":"https:\/\/bedrive.ch\/web\/#organization"},"potentialAction":[{"@type":"SearchAction","target":{"@type":"EntryPoint","urlTemplate":"https:\/\/bedrive.ch\/web\/?s={search_term_string}"},"query-input":{"@type":"PropertyValueSpecification","valueRequired":true,"valueName":"search_term_string"}}],"inLanguage":"de"},{"@type":"Organization","@id":"https:\/\/bedrive.ch\/web\/#organization","name":"BeDrive","url":"https:\/\/bedrive.ch\/web\/","logo":{"@type":"ImageObject","inLanguage":"de","@id":"https:\/\/bedrive.ch\/web\/#\/schema\/logo\/image\/","url":"https:\/\/bedrive.ch\/web\/wp-content\/uploads\/2025\/07\/logo-f.png","contentUrl":"https:\/\/bedrive.ch\/web\/wp-content\/uploads\/2025\/07\/logo-f.png","width":600,"height":159,"caption":"BeDrive"},"image":{"@id":"https:\/\/bedrive.ch\/web\/#\/schema\/logo\/image\/"}}]}},"_links":{"self":[{"href":"https:\/\/bedrive.ch\/web\/wp-json\/wp\/v2\/pages\/30","targetHints":{"allow":["GET"]}}],"collection":[{"href":"https:\/\/bedrive.ch\/web\/wp-json\/wp\/v2\/pages"}],"about":[{"href":"https:\/\/bedrive.ch\/web\/wp-json\/wp\/v2\/types\/page"}],"author":[{"embeddable":true,"href":"https:\/\/bedrive.ch\/web\/wp-json\/wp\/v2\/users\/1"}],"replies":[{"embeddable":true,"href":"https:\/\/bedrive.ch\/web\/wp-json\/wp\/v2\/comments?post=30"}],"version-history":[{"count":0,"href":"https:\/\/bedrive.ch\/web\/wp-json\/wp\/v2\/pages\/30\/revisions"}],"wp:attachment":[{"href":"https:\/\/bedrive.ch\/web\/wp-json\/wp\/v2\/media?parent=30"}],"curies":[{"name":"wp","href":"https:\/\/api.w.org\/{rel}","templated":true}]}}